{"id":100,"date":"2013-10-17T03:19:18","date_gmt":"2013-10-17T03:19:18","guid":{"rendered":"http:\/\/biblioteca.puspsc.usp.br\/?page_id=100"},"modified":"2013-10-17T03:19:18","modified_gmt":"2013-10-17T03:19:18","slug":"normalizacao-de-documentos","status":"publish","type":"page","link":"http:\/\/biblioteca.puspsc.usp.br\/index.php\/normalizacao-de-documentos\/","title":{"rendered":"Normaliza\u00e7\u00e3o de Documentos"},"content":{"rendered":"<p align=\"justify\">Orienta os usu\u00e1rios na normaliza\u00e7\u00e3o de documentos, assessorando-os no uso de cita\u00e7\u00f5es, refer\u00eancias bibliogr\u00e1ficas, resumos e apresenta\u00e7\u00e3o formal de trabalhos, incluindo teses, disserta\u00e7\u00f5es e outros documentos, em conformidade com as normas t\u00e9cnicas da Associa\u00e7\u00e3o Brasileira de Normas T\u00e9cnicas (ABNT), APA, ISO ou VANCOUVER e diretrizes da USP.<\/p>\n<ul>\n<li><a href=\"http:\/\/biblioteca.puspsc.usp.br\/?page_id=2384\">Pacote USPSC &#8211; Modelo para teses e disserta\u00e7\u00f5es em LaTeX<\/a><\/li>\n<li><a href=\"http:\/\/biblioteca.puspsc.usp.br\/wp-content\/uploads\/2017\/04\/pdfFiles_Caderno_Estudos_9_PT_1_2016-1.pdf\" target=\"_blank\">Diretrizes para apresenta\u00e7\u00e3o de disserta\u00e7\u00f5es e teses da USP \u2013 Parte I (ABNT)<\/a><\/li>\n<li><a href=\"\/wp-content\/uploads\/2017\/03\/pdfFiles_Caderno_Estudos_9_PT_2_2016.pdf.pdf\" target=\"_blank\">Diretrizes para apresenta\u00e7\u00e3o de disserta\u00e7\u00f5es e teses da USP \u2013 Parte II (APA)<\/a><\/li>\n<li><a href=\"\/wp-content\/uploads\/2017\/03\/pdfFiles_Caderno_Estudos_9_PT_3_2016.pdf.pdf\" target=\"_blank\">Diretrizes para apresenta\u00e7\u00e3o de disserta\u00e7\u00f5es e teses da USP \u2013 Parte III (ISO)<\/a><\/li>\n<li><a href=\"\/wp-content\/uploads\/2017\/03\/pdfFiles_Caderno_Estudos_9_PT_4_2016.pdf.pdf\" target=\"_blank\">Diretrizes para apresenta\u00e7\u00e3o de disserta\u00e7\u00f5es e teses da USP \u2013 Parte IV (Vancouver)<\/a><\/li>\n<\/ul>\n<p align=\"justify\">Agende o atendimento pelo formul\u00e1rio <a href=\"?page_id=314\">Agendamentos<\/a>, selecionando a op\u00e7\u00e3o <strong>Normaliza\u00e7\u00e3o de Documentos<\/strong>.<\/p>\n","protected":false},"excerpt":{"rendered":"<p>Orienta os usu\u00e1rios na normaliza\u00e7\u00e3o de documentos, assessorando-os no uso de cita\u00e7\u00f5es, refer\u00eancias bibliogr\u00e1ficas, resumos e apresenta\u00e7\u00e3o formal de trabalhos, incluindo teses, disserta\u00e7\u00f5es e outros documentos, em conformidade com as normas t\u00e9cnicas da Associa\u00e7\u00e3o Brasileira de Normas T\u00e9cnicas (ABNT), APA, ISO ou VANCOUVER e diretrizes da USP. Pacote USPSC &#8211; Modelo para teses e disserta\u00e7\u00f5es [&hellip;]<\/p>\n","protected":false},"author":3,"featured_media":0,"parent":0,"menu_order":0,"comment_status":"open","ping_status":"open","template":"","meta":{"footnotes":""},"class_list":["post-100","page","type-page","status-publish","hentry"],"_links":{"self":[{"href":"http:\/\/biblioteca.puspsc.usp.br\/index.php\/wp-json\/wp\/v2\/pages\/100","targetHints":{"allow":["GET"]}}],"collection":[{"href":"http:\/\/biblioteca.puspsc.usp.br\/index.php\/wp-json\/wp\/v2\/pages"}],"about":[{"href":"http:\/\/biblioteca.puspsc.usp.br\/index.php\/wp-json\/wp\/v2\/types\/page"}],"author":[{"embeddable":true,"href":"http:\/\/biblioteca.puspsc.usp.br\/index.php\/wp-json\/wp\/v2\/users\/3"}],"replies":[{"embeddable":true,"href":"http:\/\/biblioteca.puspsc.usp.br\/index.php\/wp-json\/wp\/v2\/comments?post=100"}],"version-history":[{"count":1,"href":"http:\/\/biblioteca.puspsc.usp.br\/index.php\/wp-json\/wp\/v2\/pages\/100\/revisions"}],"predecessor-version":[{"id":5586,"href":"http:\/\/biblioteca.puspsc.usp.br\/index.php\/wp-json\/wp\/v2\/pages\/100\/revisions\/5586"}],"wp:attachment":[{"href":"http:\/\/biblioteca.puspsc.usp.br\/index.php\/wp-json\/wp\/v2\/media?parent=100"}],"curies":[{"name":"wp","href":"https:\/\/api.w.org\/{rel}","templated":true}]}}