{"id":1144,"date":"2014-10-16T20:53:24","date_gmt":"2014-10-16T20:53:24","guid":{"rendered":"http:\/\/biblioteca.puspsc.usp.br\/?page_id=1144"},"modified":"2021-09-14T11:43:54","modified_gmt":"2021-09-14T14:43:54","slug":"1144-2","status":"publish","type":"page","link":"http:\/\/biblioteca.puspsc.usp.br\/index.php\/1144-2\/","title":{"rendered":""},"content":{"rendered":"<p><img loading=\"lazy\" decoding=\"async\" src=\"\/wp-content\/uploads\/2018\/04\/Logo_Preserve_Site.jpg\" alt=\"\" width=\"150\" height=\"106\" class=\"alignnone size-medium wp-image-4699\" \/><\/p>\n<p align=\"justify\">Este programa tem por objetivos estabelecer pol\u00edticas e promover a\u00e7\u00f5es que garantam a preserva\u00e7\u00e3o e conserva\u00e7\u00e3o do mobili\u00e1rio, equipamentos e de materiais bibliogr\u00e1ficos do acervo da Biblioteca da PUSP-SC.<\/p>\n<p align=\"justify\">Durante todo o ano letivo \u00e9 realizado o monitoramento do uso do mobili\u00e1rio e equipamentos da biblioteca.<\/p>\n<p align=\"justify\">Conforme atividades previstas no Projeto de Preserva\u00e7\u00e3o e Conserva\u00e7\u00e3o do Acervo da Biblioteca da PUSP-SC, durante os per\u00edodos de recesso e f\u00e9rias s\u00e3o realizados o diagn\u00f3stico do acervo, onde os livros que necessitam de reparos s\u00e3o encaminhados para sala de conserva\u00e7\u00e3o e preserva\u00e7\u00e3o.<\/p>\n<p align=\"justify\">Anualmente \u00e9 realizada a Campanha de conscientiza\u00e7\u00e3o para o uso respons\u00e1vel do acervo da Biblioteca da PUSP-SC, sendo que a primeira marcou o lan\u00e7amento do Programa Preserve no dia 20\/10\/2014, in\u00edcio da XVII Semana do Livro e da Biblioteca na USP, com dura\u00e7\u00e3o at\u00e9 28\/10\/2014. O objetivo \u00e9 conscientizar e educar os usu\u00e1rios sobre os cuidados necess\u00e1rios \u00e0 conserva\u00e7\u00e3o dos livros e outros materiais bibliogr\u00e1ficos do acervo, visando combater h\u00e1bitos de manuseio que provocam o desgaste prematuro de tal patrim\u00f4nio.<\/p>\n<p><strong>Eventos 2018<\/strong><\/p>\n<table border=\"1\" cellspacing=\"0\" cellpadding=\"5\">\n<tbody>\n<tr>\n<td width=\"53%\"><a href=\"?page_id=5460\" target=\"_blank\" rel=\"noopener\">Campanha de conscientiza\u00e7\u00e3o para o uso <br \/>respons\u00e1vel do acervo, espa\u00e7os e mobili\u00e1rio da Biblioteca da PUSP-SC<\/a><\/td>\n<td width=\"17%\">02\/05 a 11\/05<\/td>\n<td width=\"25%\"><a href=\"?page_id=5071\" target=\"_blank\" rel=\"noopener\">material de divulga\u00e7\u00e3o<\/a><\/td>\n<\/tr>\n<\/tbody>\n<\/table>\n<p><strong>Eventos 2015<\/strong><\/p>\n<table border=\"1\" cellspacing=\"0\" cellpadding=\"5\">\n<tbody>\n<tr>\n<td width=\"53%\">Segunda Campanha de conscientiza\u00e7\u00e3o para o uso <br \/>respons\u00e1vel do acervo da Biblioteca da PUSP-SC<\/td>\n<td width=\"17%\">19\/10 a 23\/10<\/td>\n<td width=\"25%\"><a href=\"?p=2115\" target=\"_blank\" rel=\"noopener\">material de divulga\u00e7\u00e3o<\/a><\/td>\n<\/tr>\n<\/tbody>\n<\/table>\n<p><\/br><br \/>\n<strong>Eventos 2014<\/strong><\/p>\n<table border=\"1\" cellspacing=\"0\" cellpadding=\"5\">\n<tbody>\n<tr>\n<td width=\"53%\"><a href=\"?p=923\" target=\"_blank\" rel=\"noopener\">Primeira Campanha de conscientiza\u00e7\u00e3o para o uso <br \/>respons\u00e1vel do acervo da Biblioteca da PUSP-SC<\/a><\/td>\n<td width=\"17%\">20\/10 a 28\/10<\/td>\n<td width=\"25%\"><a href=\"?p=945\" target=\"_blank\" rel=\"noopener\">material de divulga\u00e7\u00e3o<\/a><\/td>\n<\/tr>\n<\/tbody>\n<\/table>\n","protected":false},"excerpt":{"rendered":"<p>Este programa tem por objetivos estabelecer pol\u00edticas e promover a\u00e7\u00f5es que garantam a preserva\u00e7\u00e3o e conserva\u00e7\u00e3o do mobili\u00e1rio, equipamentos e de materiais bibliogr\u00e1ficos do acervo da Biblioteca da PUSP-SC. Durante todo o ano letivo \u00e9 realizado o monitoramento do uso do mobili\u00e1rio e equipamentos da biblioteca. Conforme atividades previstas no Projeto de Preserva\u00e7\u00e3o e Conserva\u00e7\u00e3o [&hellip;]<\/p>\n","protected":false},"author":2,"featured_media":0,"parent":0,"menu_order":0,"comment_status":"closed","ping_status":"open","template":"","meta":{"footnotes":""},"class_list":["post-1144","page","type-page","status-publish","hentry"],"_links":{"self":[{"href":"http:\/\/biblioteca.puspsc.usp.br\/index.php\/wp-json\/wp\/v2\/pages\/1144","targetHints":{"allow":["GET"]}}],"collection":[{"href":"http:\/\/biblioteca.puspsc.usp.br\/index.php\/wp-json\/wp\/v2\/pages"}],"about":[{"href":"http:\/\/biblioteca.puspsc.usp.br\/index.php\/wp-json\/wp\/v2\/types\/page"}],"author":[{"embeddable":true,"href":"http:\/\/biblioteca.puspsc.usp.br\/index.php\/wp-json\/wp\/v2\/users\/2"}],"replies":[{"embeddable":true,"href":"http:\/\/biblioteca.puspsc.usp.br\/index.php\/wp-json\/wp\/v2\/comments?post=1144"}],"version-history":[{"count":20,"href":"http:\/\/biblioteca.puspsc.usp.br\/index.php\/wp-json\/wp\/v2\/pages\/1144\/revisions"}],"predecessor-version":[{"id":8141,"href":"http:\/\/biblioteca.puspsc.usp.br\/index.php\/wp-json\/wp\/v2\/pages\/1144\/revisions\/8141"}],"wp:attachment":[{"href":"http:\/\/biblioteca.puspsc.usp.br\/index.php\/wp-json\/wp\/v2\/media?parent=1144"}],"curies":[{"name":"wp","href":"https:\/\/api.w.org\/{rel}","templated":true}]}}