{"id":1586,"date":"2014-12-11T16:26:59","date_gmt":"2014-12-11T18:26:59","guid":{"rendered":"http:\/\/biblioteca.puspsc.usp.br\/?page_id=1586"},"modified":"2022-03-15T13:24:25","modified_gmt":"2022-03-15T16:24:25","slug":"revistas-eletronicas","status":"publish","type":"page","link":"http:\/\/biblioteca.puspsc.usp.br\/index.php\/revistas-eletronicas\/","title":{"rendered":"Revistas Eletr\u00f4nicas"},"content":{"rendered":"<p><a href=\"https:\/\/www.biomedcentral.com\/journals\" target=\"_blank\" rel=\"noopener noreferrer\">BioMed Central<\/a><br \/>\n<a href=\"http:\/\/doaj.org\/\" target=\"_blank\" rel=\"noopener noreferrer\">Directory of Open Access Journals<\/a><br \/>\n<a href=\"https:\/\/www.jove.com\/coronavirusresource\" target=\"_blank\" rel=\"noopener noreferrer\">JoVE &#8211; Journal of Visual Experimentation<\/a><\/p>\n<p align=\"justify\">Plataforma de v\u00eddeos de experimentos cient\u00edficos dos principais laborat\u00f3rios do mundo. Material espec\u00edfico sobre a COVID-19. Acesso liberado por meio de IP USP.<\/p>\n<p><a href=\"https:\/\/portalnuclear.cnen.gov.br\/livre\/Inicial.asp\" target=\"_blank\" rel=\"noopener noreferrer\">Livre!<\/a><br \/>\n<a href=\"http:\/\/periodicos.capes.gov.br\/\" target=\"_blank\" rel=\"noopener noreferrer\">Portal CAPES<\/a><br \/>\n<a href=\"http:\/\/periodicos.fiocruz.br\" target=\"_blank\" rel=\"noopener noreferrer\">Portal de Peri\u00f3dicos Fiocruz<\/a><br \/>\n<a href=\"http:\/\/portal.revistas.bvs.br\/\" target=\"_blank\" rel=\"noopener noreferrer\">Portal de Revistas da BVS<\/a><br \/>\n<a href=\"http:\/\/www.revistas.usp.br\/wp\/\" target=\"_blank\" rel=\"noopener noreferrer\">Portal de Revistas da USP<\/a><br \/>\n<a href=\"https:\/\/www.pressreader.com\" target=\"_blank\" rel=\"noopener noreferrer\">PressReader<\/a><\/p>\n<p align=\"justify\">Mais de 7.400 publica\u00e7\u00f5es entre jornais e revistas em formato digital de 60 pa\u00edses. The Washington Post, Los Angeles Times, Forbes, News Week, PC World, Popular Science, Folha de S\u00e3o Paulo, O Estado de S\u00e3o Paulo, Revista Isto \u00c9, s\u00e3o algumas das publica\u00e7\u00f5es que est\u00e3o acess\u00edveis. \u00c9 necess\u00e1rio utilizar a conex\u00e3o remota VPN\/USP. <\/p>\n<p><a href=\"https:\/\/www.aguia.usp.br\/revistas-az\/\" target=\"_blank\" rel=\"noopener noreferrer\">Revistas Eletr\u00f4nicas &#8211; SIBiUSP<\/a><br \/>\n<a href=\"http:\/\/www.scielo.org\/php\/index.php?lang=pt\" target=\"_blank\" rel=\"noopener noreferrer\">SciELO<\/a><br \/>\n<a href=\"http:\/\/www.scirp.org\/\" target=\"_blank\" rel=\"noopener noreferrer\">Scientific Research Publishing &#8211; SCIRP<\/a><\/p>\n","protected":false},"excerpt":{"rendered":"<p>BioMed Central Directory of Open Access Journals JoVE &#8211; Journal of Visual Experimentation Plataforma de v\u00eddeos de experimentos cient\u00edficos dos principais laborat\u00f3rios do mundo. Material espec\u00edfico sobre a COVID-19. Acesso liberado por meio de IP USP. Livre! Portal CAPES Portal de Peri\u00f3dicos Fiocruz Portal de Revistas da BVS Portal de Revistas da USP PressReader Mais [&hellip;]<\/p>\n","protected":false},"author":2,"featured_media":0,"parent":0,"menu_order":0,"comment_status":"closed","ping_status":"closed","template":"","meta":{"footnotes":""},"class_list":["post-1586","page","type-page","status-publish","hentry"],"_links":{"self":[{"href":"http:\/\/biblioteca.puspsc.usp.br\/index.php\/wp-json\/wp\/v2\/pages\/1586","targetHints":{"allow":["GET"]}}],"collection":[{"href":"http:\/\/biblioteca.puspsc.usp.br\/index.php\/wp-json\/wp\/v2\/pages"}],"about":[{"href":"http:\/\/biblioteca.puspsc.usp.br\/index.php\/wp-json\/wp\/v2\/types\/page"}],"author":[{"embeddable":true,"href":"http:\/\/biblioteca.puspsc.usp.br\/index.php\/wp-json\/wp\/v2\/users\/2"}],"replies":[{"embeddable":true,"href":"http:\/\/biblioteca.puspsc.usp.br\/index.php\/wp-json\/wp\/v2\/comments?post=1586"}],"version-history":[{"count":12,"href":"http:\/\/biblioteca.puspsc.usp.br\/index.php\/wp-json\/wp\/v2\/pages\/1586\/revisions"}],"predecessor-version":[{"id":8331,"href":"http:\/\/biblioteca.puspsc.usp.br\/index.php\/wp-json\/wp\/v2\/pages\/1586\/revisions\/8331"}],"wp:attachment":[{"href":"http:\/\/biblioteca.puspsc.usp.br\/index.php\/wp-json\/wp\/v2\/media?parent=1586"}],"curies":[{"name":"wp","href":"https:\/\/api.w.org\/{rel}","templated":true}]}}