{"id":28,"date":"2013-10-15T05:57:36","date_gmt":"2013-10-15T08:57:36","guid":{"rendered":"http:\/\/biblioteca.puspsc.usp.br\/?page_id=28"},"modified":"2022-09-30T13:09:18","modified_gmt":"2022-09-30T16:09:18","slug":"biblioteca-virtual","status":"publish","type":"page","link":"http:\/\/biblioteca.puspsc.usp.br\/index.php\/biblioteca-virtual\/","title":{"rendered":"Biblioteca Virtual"},"content":{"rendered":"<p align=\"justify\">Em Biblioteca Virtual est\u00e3o relacionados bases de dados, bibliotecas digitais, reposit\u00f3rios, portais de peri\u00f3dicos e outras fontes de informa\u00e7\u00f5es acess\u00edveis atrav\u00e9s do menu principal deste site.<\/p>\n<p><a href=\"\"?page_id=387\"\" rel=\"noopener\">Bases de Dados<\/a><br \/>\n<a href=\"http:\/\/biblioteca.puspsc.usp.br\/index.php\/bibdigitalusp\/\" rel=\"noopener\">Bibliotecas Digitais USP<\/a><br \/>\n<a href=\"?page_id=4900\" rel=\"noopener\">Livros Eletr\u00f4nicos (e-Books)<\/a><br \/>\n<a href=\"http:\/\/buscaintegrada.usp.br\/primo_library\/libweb\/action\/search.do?dscnt=1&#038;dstmp=1382804038823&#038;vid=USP&#038;fromLogin=true\" target=\"_blank\" rel=\"noopener\">PBi &#8211; Portal de Busca Integrada<\/a><br \/>\n<a href=\"http:\/\/www.livrosabertos.sibi.usp.br\/portaldelivrosUSP\" target=\"_blank\" rel=\"noopener\">Portal de Livros Abertos da USP<\/a><br \/>\n<a href=\"?page_id=1586\" rel=\"noopener\">Revistas Eletr\u00f4nicas<\/a><br \/>\n<a href=\"?page_id=392\" rel=\"noopener\">Reposit\u00f3rios<\/a><\/p>\n","protected":false},"excerpt":{"rendered":"<p>Em Biblioteca Virtual est\u00e3o relacionados bases de dados, bibliotecas digitais, reposit\u00f3rios, portais de peri\u00f3dicos e outras fontes de informa\u00e7\u00f5es acess\u00edveis atrav\u00e9s do menu principal deste site. Bases de Dados Bibliotecas Digitais USP Livros Eletr\u00f4nicos (e-Books) PBi &#8211; Portal de Busca Integrada Portal de Livros Abertos da USP Revistas Eletr\u00f4nicas Reposit\u00f3rios<\/p>\n","protected":false},"author":3,"featured_media":0,"parent":0,"menu_order":0,"comment_status":"closed","ping_status":"closed","template":"","meta":{"footnotes":""},"class_list":["post-28","page","type-page","status-publish","hentry"],"_links":{"self":[{"href":"http:\/\/biblioteca.puspsc.usp.br\/index.php\/wp-json\/wp\/v2\/pages\/28","targetHints":{"allow":["GET"]}}],"collection":[{"href":"http:\/\/biblioteca.puspsc.usp.br\/index.php\/wp-json\/wp\/v2\/pages"}],"about":[{"href":"http:\/\/biblioteca.puspsc.usp.br\/index.php\/wp-json\/wp\/v2\/types\/page"}],"author":[{"embeddable":true,"href":"http:\/\/biblioteca.puspsc.usp.br\/index.php\/wp-json\/wp\/v2\/users\/3"}],"replies":[{"embeddable":true,"href":"http:\/\/biblioteca.puspsc.usp.br\/index.php\/wp-json\/wp\/v2\/comments?post=28"}],"version-history":[{"count":8,"href":"http:\/\/biblioteca.puspsc.usp.br\/index.php\/wp-json\/wp\/v2\/pages\/28\/revisions"}],"predecessor-version":[{"id":8661,"href":"http:\/\/biblioteca.puspsc.usp.br\/index.php\/wp-json\/wp\/v2\/pages\/28\/revisions\/8661"}],"wp:attachment":[{"href":"http:\/\/biblioteca.puspsc.usp.br\/index.php\/wp-json\/wp\/v2\/media?parent=28"}],"curies":[{"name":"wp","href":"https:\/\/api.w.org\/{rel}","templated":true}]}}