{"id":4478,"date":"2013-10-15T05:53:56","date_gmt":"2013-10-15T05:53:56","guid":{"rendered":"http:\/\/biblioteca.puspsc.usp.br\/?page_id=5"},"modified":"2013-10-15T05:53:56","modified_gmt":"2013-10-15T05:53:56","slug":"institucional","status":"publish","type":"page","link":"http:\/\/biblioteca.puspsc.usp.br\/index.php\/institucional\/","title":{"rendered":"Institucional"},"content":{"rendered":"<p align=\"justify\">Esta Biblioteca \u00e9 uma Se\u00e7\u00e3o da <a href=\"http:\/\/www.prefeitura.sc.usp.br\" target=\"_blank\">PUSP-SC<\/a> &#8211; Prefeitura do Campus USP de S\u00e3o Carlos e comp\u00f5e o Conjunto de Base do <a href=\"http:\/\/www.usp.br\/sibi\/\" target=\"_blank\">SIBiUSP<\/a> &#8211; Sistema Integrado de Bibliotecas da Universidade de S\u00e3o Paulo.<\/p>\n<p align=\"justify\">Atende aos cursos de Engenharia Aeron\u00e1utica, Engenharia Ambiental, Engenharia da Computa\u00e7\u00e3o, Engenharia de Materiais e Manufatura, Licenciatura em Ci\u00eancias USP\/UNIVESP e parcialmente aos demais cursos das Unidades do Campus USP de S\u00e3o Carlos com atividades na \u00c1rea 2.<\/p>\n<p align=\"justify\">Proporciona a seus usu\u00e1rios instala\u00e7\u00f5es modernas e adequadas para o estudo e pesquisa. Possui de uma sala para exposi\u00e7\u00f5es e uma \u00e1rea externa, incluindo uma Pra\u00e7a de Leitura, que possibilitam a conviv\u00eancia e a promo\u00e7\u00e3o de eventos com objetivo de integrar a\u00e7\u00f5es de cultura e extens\u00e3o em complementa\u00e7\u00e3o \u00e0s a\u00e7\u00f5es de ensino e pesquisa.<\/p>\n<p align=\"justify\">Seu acervo est\u00e1 em forma\u00e7\u00e3o, mas j\u00e1 disp\u00f5e de livros, peri\u00f3dicos e materiais especiais, al\u00e9m de disponibilizar tecnologia de informa\u00e7\u00e3o que permite o acesso ao seu acervo, ao acervo das demais Bibliotecas da USP, a 183 mil livros eletr\u00f4nicos (e-books), a 106 mil peri\u00f3dicos em texto completo e \u00e0s principais bases de dados, nas mais diversas \u00e1reas do conhecimento, tais como Web of Science, IEEE, Computer Databases, MathSciNet, entre outras.<\/p>\n","protected":false},"excerpt":{"rendered":"<p>Esta Biblioteca \u00e9 uma Se\u00e7\u00e3o da PUSP-SC &#8211; Prefeitura do Campus USP de S\u00e3o Carlos e comp\u00f5e o Conjunto de Base do SIBiUSP &#8211; Sistema Integrado de Bibliotecas da Universidade de S\u00e3o Paulo. Atende aos cursos de Engenharia Aeron\u00e1utica, Engenharia Ambiental, Engenharia da Computa\u00e7\u00e3o, Engenharia de Materiais e Manufatura, Licenciatura em Ci\u00eancias USP\/UNIVESP e parcialmente [&hellip;]<\/p>\n","protected":false},"author":3,"featured_media":0,"parent":0,"menu_order":0,"comment_status":"open","ping_status":"open","template":"","meta":{"footnotes":""},"class_list":["post-4478","page","type-page","status-publish","hentry"],"_links":{"self":[{"href":"http:\/\/biblioteca.puspsc.usp.br\/index.php\/wp-json\/wp\/v2\/pages\/4478","targetHints":{"allow":["GET"]}}],"collection":[{"href":"http:\/\/biblioteca.puspsc.usp.br\/index.php\/wp-json\/wp\/v2\/pages"}],"about":[{"href":"http:\/\/biblioteca.puspsc.usp.br\/index.php\/wp-json\/wp\/v2\/types\/page"}],"author":[{"embeddable":true,"href":"http:\/\/biblioteca.puspsc.usp.br\/index.php\/wp-json\/wp\/v2\/users\/3"}],"replies":[{"embeddable":true,"href":"http:\/\/biblioteca.puspsc.usp.br\/index.php\/wp-json\/wp\/v2\/comments?post=4478"}],"version-history":[{"count":0,"href":"http:\/\/biblioteca.puspsc.usp.br\/index.php\/wp-json\/wp\/v2\/pages\/4478\/revisions"}],"wp:attachment":[{"href":"http:\/\/biblioteca.puspsc.usp.br\/index.php\/wp-json\/wp\/v2\/media?parent=4478"}],"curies":[{"name":"wp","href":"https:\/\/api.w.org\/{rel}","templated":true}]}}