{"id":56,"date":"2013-10-15T06:02:03","date_gmt":"2013-10-15T06:02:03","guid":{"rendered":"http:\/\/biblioteca.puspsc.usp.br\/?page_id=56"},"modified":"2021-09-14T11:42:25","modified_gmt":"2021-09-14T14:42:25","slug":"horario-de-onibus","status":"publish","type":"page","link":"http:\/\/biblioteca.puspsc.usp.br\/index.php\/horario-de-onibus\/","title":{"rendered":"Hor\u00e1rio de \u00d4nibus"},"content":{"rendered":"<p><a href=\"http:\/\/www.puspsc.usp.br\/horario-de-onibus-areas-1-e-2\/\" target=\"_blank\" rel=\"noopener\">Linhas regulares de \u00f4nibus \u00c1rea 1 &#8211; 2 de segunda \u00e0 sexta-feira<\/a><\/p>\n","protected":false},"excerpt":{"rendered":"<p>Linhas regulares de \u00f4nibus \u00c1rea 1 &#8211; 2 de segunda \u00e0 sexta-feira<\/p>\n","protected":false},"author":3,"featured_media":0,"parent":0,"menu_order":0,"comment_status":"open","ping_status":"open","template":"","meta":{"footnotes":""},"class_list":["post-56","page","type-page","status-publish","hentry"],"_links":{"self":[{"href":"http:\/\/biblioteca.puspsc.usp.br\/index.php\/wp-json\/wp\/v2\/pages\/56","targetHints":{"allow":["GET"]}}],"collection":[{"href":"http:\/\/biblioteca.puspsc.usp.br\/index.php\/wp-json\/wp\/v2\/pages"}],"about":[{"href":"http:\/\/biblioteca.puspsc.usp.br\/index.php\/wp-json\/wp\/v2\/types\/page"}],"author":[{"embeddable":true,"href":"http:\/\/biblioteca.puspsc.usp.br\/index.php\/wp-json\/wp\/v2\/users\/3"}],"replies":[{"embeddable":true,"href":"http:\/\/biblioteca.puspsc.usp.br\/index.php\/wp-json\/wp\/v2\/comments?post=56"}],"version-history":[{"count":4,"href":"http:\/\/biblioteca.puspsc.usp.br\/index.php\/wp-json\/wp\/v2\/pages\/56\/revisions"}],"predecessor-version":[{"id":8139,"href":"http:\/\/biblioteca.puspsc.usp.br\/index.php\/wp-json\/wp\/v2\/pages\/56\/revisions\/8139"}],"wp:attachment":[{"href":"http:\/\/biblioteca.puspsc.usp.br\/index.php\/wp-json\/wp\/v2\/media?parent=56"}],"curies":[{"name":"wp","href":"https:\/\/api.w.org\/{rel}","templated":true}]}}