{"id":68,"date":"2013-10-15T06:04:39","date_gmt":"2013-10-15T06:04:39","guid":{"rendered":"http:\/\/biblioteca.puspsc.usp.br\/?page_id=68"},"modified":"2019-03-21T09:56:01","modified_gmt":"2019-03-21T12:56:01","slug":"fotos-da-biblioteca","status":"publish","type":"page","link":"http:\/\/biblioteca.puspsc.usp.br\/index.php\/fotos-da-biblioteca\/","title":{"rendered":"Fotos da Biblioteca"},"content":{"rendered":"<p><a href=\"http:\/\/biblioteca.puspsc.usp.br\/?page_id=726 \">Fachada do Pr\u00e9dio<\/a><\/p>\n<p><a href=\"http:\/\/biblioteca.puspsc.usp.br\/?page_id=5570 \">Jardim e Entorno<\/a><\/p>\n<p><a href=\"http:\/\/biblioteca.puspsc.usp.br\/?page_id=585\">Bloco C &#8211; Primeiro Andar<\/a>: Acervo, Acesso ao DEDALUS, \u00e0s Bases de Dados e outras fontes de informa\u00e7\u00e3o, Servi\u00e7o de Empr\u00e9stimo, Servi\u00e7o de Refer\u00eancia, Novas Aquisi\u00e7\u00f5es, Estudo Individual e Guarda Volumes.<\/p>\n<p><a href=\" http:\/\/biblioteca.puspsc.usp.br\/?page_id=662\">Bloco C &#8211; T\u00e9rreo<\/a>: Pra\u00e7a de Leitura<\/p>\n<p><a href=\"http:\/\/biblioteca.puspsc.usp.br\/?page_id=627\">Bloco D &#8211; Primeiro Andar<\/a>: Sala de Leitura, Salas de Estudo em Grupo e Sala Multifuncional<\/p>\n<p><a href=\"http:\/\/biblioteca.puspsc.usp.br\/?page_id=659\">Bloco D &#8211; T\u00e9rreo<\/a>: Entrada de funcion\u00e1rios da Biblioteca, Administra\u00e7\u00e3o e Sala de Preserva\u00e7\u00e3o e Conserva\u00e7\u00e3o de Materiais Bibliogr\u00e1ficos e Setor Administrativo<\/p>\n","protected":false},"excerpt":{"rendered":"<p>Fachada do Pr\u00e9dio Jardim e Entorno Bloco C &#8211; Primeiro Andar: Acervo, Acesso ao DEDALUS, \u00e0s Bases de Dados e outras fontes de informa\u00e7\u00e3o, Servi\u00e7o de Empr\u00e9stimo, Servi\u00e7o de Refer\u00eancia, Novas Aquisi\u00e7\u00f5es, Estudo Individual e Guarda Volumes. Bloco C &#8211; T\u00e9rreo: Pra\u00e7a de Leitura Bloco D &#8211; Primeiro Andar: Sala de Leitura, Salas de Estudo [&hellip;]<\/p>\n","protected":false},"author":3,"featured_media":0,"parent":0,"menu_order":0,"comment_status":"open","ping_status":"open","template":"","meta":{"footnotes":""},"class_list":["post-68","page","type-page","status-publish","hentry"],"_links":{"self":[{"href":"http:\/\/biblioteca.puspsc.usp.br\/index.php\/wp-json\/wp\/v2\/pages\/68","targetHints":{"allow":["GET"]}}],"collection":[{"href":"http:\/\/biblioteca.puspsc.usp.br\/index.php\/wp-json\/wp\/v2\/pages"}],"about":[{"href":"http:\/\/biblioteca.puspsc.usp.br\/index.php\/wp-json\/wp\/v2\/types\/page"}],"author":[{"embeddable":true,"href":"http:\/\/biblioteca.puspsc.usp.br\/index.php\/wp-json\/wp\/v2\/users\/3"}],"replies":[{"embeddable":true,"href":"http:\/\/biblioteca.puspsc.usp.br\/index.php\/wp-json\/wp\/v2\/comments?post=68"}],"version-history":[{"count":2,"href":"http:\/\/biblioteca.puspsc.usp.br\/index.php\/wp-json\/wp\/v2\/pages\/68\/revisions"}],"predecessor-version":[{"id":6938,"href":"http:\/\/biblioteca.puspsc.usp.br\/index.php\/wp-json\/wp\/v2\/pages\/68\/revisions\/6938"}],"wp:attachment":[{"href":"http:\/\/biblioteca.puspsc.usp.br\/index.php\/wp-json\/wp\/v2\/media?parent=68"}],"curies":[{"name":"wp","href":"https:\/\/api.w.org\/{rel}","templated":true}]}}