{"id":92,"date":"2013-10-17T03:18:25","date_gmt":"2013-10-17T06:18:25","guid":{"rendered":"http:\/\/biblioteca.puspsc.usp.br\/?page_id=92"},"modified":"2018-04-27T12:59:43","modified_gmt":"2018-04-27T15:59:43","slug":"acesso-a-bases-de-dados","status":"publish","type":"page","link":"http:\/\/biblioteca.puspsc.usp.br\/index.php\/servicos\/acesso-a-bases-de-dados\/","title":{"rendered":"Acesso \u00e0s Bases de Dados"},"content":{"rendered":"<p align=\"justify\">Propicia o acesso a in\u00fameras <a href=\"?page_id=387\">bases de dados<\/a>, <a href=\"?page_id=1586\">revistas eletr\u00f4nicas<\/a> e <a href=\"?page_id=4900\">livros eletr\u00f4nicos (e-Books)<\/a> disponibilizados pela Universidade de S\u00e3o Paulo (USP) mediante as assinaturas feitas pela pr\u00f3pria Universidade, pela CAPES e outras institui\u00e7\u00f5es.<\/p>\n<p align=\"justify\">O acesso pode ser atrav\u00e9s de equipamentos dispon\u00edveis na Biblioteca ou por computadores pessoais via rede sem fio. Outra op\u00e7\u00e3o \u00e9 acessar este servi\u00e7o na pr\u00f3pria resid\u00eancia via <a href=\"http:\/\/cetisc.sti.usp.br\/atendimento\/servicos\/vpn\/\" target=\"_blank\">VPN<\/a>.<\/p>\n","protected":false},"excerpt":{"rendered":"<p>Propicia o acesso a in\u00fameras bases de dados, revistas eletr\u00f4nicas e livros eletr\u00f4nicos (e-Books) disponibilizados pela Universidade de S\u00e3o Paulo (USP) mediante as assinaturas feitas pela pr\u00f3pria Universidade, pela CAPES e outras institui\u00e7\u00f5es. O acesso pode ser atrav\u00e9s de equipamentos dispon\u00edveis na Biblioteca ou por computadores pessoais via rede sem fio. Outra op\u00e7\u00e3o \u00e9 acessar [&hellip;]<\/p>\n","protected":false},"author":3,"featured_media":0,"parent":34,"menu_order":0,"comment_status":"open","ping_status":"closed","template":"","meta":{"footnotes":""},"class_list":["post-92","page","type-page","status-publish","hentry"],"_links":{"self":[{"href":"http:\/\/biblioteca.puspsc.usp.br\/index.php\/wp-json\/wp\/v2\/pages\/92","targetHints":{"allow":["GET"]}}],"collection":[{"href":"http:\/\/biblioteca.puspsc.usp.br\/index.php\/wp-json\/wp\/v2\/pages"}],"about":[{"href":"http:\/\/biblioteca.puspsc.usp.br\/index.php\/wp-json\/wp\/v2\/types\/page"}],"author":[{"embeddable":true,"href":"http:\/\/biblioteca.puspsc.usp.br\/index.php\/wp-json\/wp\/v2\/users\/3"}],"replies":[{"embeddable":true,"href":"http:\/\/biblioteca.puspsc.usp.br\/index.php\/wp-json\/wp\/v2\/comments?post=92"}],"version-history":[{"count":13,"href":"http:\/\/biblioteca.puspsc.usp.br\/index.php\/wp-json\/wp\/v2\/pages\/92\/revisions"}],"predecessor-version":[{"id":8657,"href":"http:\/\/biblioteca.puspsc.usp.br\/index.php\/wp-json\/wp\/v2\/pages\/92\/revisions\/8657"}],"up":[{"embeddable":true,"href":"http:\/\/biblioteca.puspsc.usp.br\/index.php\/wp-json\/wp\/v2\/pages\/34"}],"wp:attachment":[{"href":"http:\/\/biblioteca.puspsc.usp.br\/index.php\/wp-json\/wp\/v2\/media?parent=92"}],"curies":[{"name":"wp","href":"https:\/\/api.w.org\/{rel}","templated":true}]}}